{"id":26,"date":"2025-12-12T17:13:26","date_gmt":"2025-12-12T17:13:26","guid":{"rendered":"https:\/\/slep.ch\/?page_id=26"},"modified":"2025-12-12T18:38:03","modified_gmt":"2025-12-12T18:38:03","slug":"slep","status":"publish","type":"page","link":"https:\/\/slep.ch\/","title":{"rendered":"SLEP"},"content":{"rendered":"\n<figure class=\"wp-block-image size-large\"><img loading=\"lazy\" decoding=\"async\" width=\"1024\" height=\"213\" src=\"https:\/\/slep.ch\/wp-content\/uploads\/2025\/12\/Slider-Sonnenaufgang-1024x213.jpg\" alt=\"\" class=\"wp-image-21\" srcset=\"https:\/\/slep.ch\/wp-content\/uploads\/2025\/12\/Slider-Sonnenaufgang-1024x213.jpg 1024w, https:\/\/slep.ch\/wp-content\/uploads\/2025\/12\/Slider-Sonnenaufgang-300x63.jpg 300w, https:\/\/slep.ch\/wp-content\/uploads\/2025\/12\/Slider-Sonnenaufgang-768x160.jpg 768w, https:\/\/slep.ch\/wp-content\/uploads\/2025\/12\/Slider-Sonnenaufgang-1536x320.jpg 1536w, https:\/\/slep.ch\/wp-content\/uploads\/2025\/12\/Slider-Sonnenaufgang.jpg 1920w\" sizes=\"auto, (max-width: 706px) 89vw, (max-width: 767px) 82vw, 740px\" \/><\/figure>\n\n\n\n<h1 class=\"wp-block-heading\">schweizerische libert\u00e9 \u00e9galit\u00e9 passion<\/h1>\n\n\n\n<p>Wir, zusammen, die sl\u00e9p , schaffen das, zur&nbsp; libert\u00e9 und \u00e9galit\u00e9.<\/p>\n\n\n\n<p>Wir sind nicht f\u00fcr eine Verfassungs\u00e4nderung. Wir wollen keinen Rahmenvertrag, einen Bilderrahmen wo die Schweiz dumm aus dem Rahmen schaut. Denn logisch ist ja, dass die EU nur uns dirigieren\/diktieren will (Rentenalter h\u00f6her setzen, folglich mehr Arbeitslose und Kranke, dass mehr Billigarbeiter in die Schweiz kommen u.s.w.) und uns das Geld aus der Tasche ziehen.  I bin kein Berliner, I bin a Creamschnitte. &#8222;I HAVE A DREAM&#8220;<\/p>\n\n\n\n<p>Michelangelo D&#8216; Anella ist mit SLEP in die Politik eingezogen.  Er sucht jemanden, der die Arbeit weiterf\u00fchren m\u00f6chte. <\/p>\n\n\n\n<p>Auf dieser Webseite zeigen wir euch die Geschichte und wollen euch die Musik n\u00e4herbringen. <\/p>\n\n\n\n<figure class=\"wp-block-image size-full\"><img loading=\"lazy\" decoding=\"async\" width=\"750\" height=\"360\" src=\"https:\/\/slep.ch\/wp-content\/uploads\/2025\/12\/gutezitatedanella.jpg\" alt=\"\" class=\"wp-image-11\" srcset=\"https:\/\/slep.ch\/wp-content\/uploads\/2025\/12\/gutezitatedanella.jpg 750w, https:\/\/slep.ch\/wp-content\/uploads\/2025\/12\/gutezitatedanella-300x144.jpg 300w\" sizes=\"auto, (max-width: 706px) 89vw, (max-width: 767px) 82vw, 740px\" \/><\/figure>\n","protected":false},"excerpt":{"rendered":"<p>schweizerische libert\u00e9 \u00e9galit\u00e9 passion Wir, zusammen, die sl\u00e9p , schaffen das, zur&nbsp; libert\u00e9 und \u00e9galit\u00e9. Wir sind nicht f\u00fcr eine Verfassungs\u00e4nderung. Wir wollen keinen Rahmenvertrag, einen Bilderrahmen wo die Schweiz dumm aus dem Rahmen schaut. Denn logisch ist ja, dass die EU nur uns dirigieren\/diktieren will (Rentenalter h\u00f6her setzen, folglich mehr Arbeitslose und Kranke, dass &hellip; <\/p>\n<p class=\"link-more\"><a href=\"https:\/\/slep.ch\/\" class=\"more-link\"><span class=\"screen-reader-text\">\u201eSLEP\u201c <\/span>weiterlesen<\/a><\/p>\n","protected":false},"author":1,"featured_media":0,"parent":0,"menu_order":0,"comment_status":"closed","ping_status":"closed","template":"","meta":{"footnotes":""},"class_list":["post-26","page","type-page","status-publish","hentry"],"yoast_head":"<!-- This site is optimized with the Yoast SEO plugin v27.4 - https:\/\/yoast.com\/product\/yoast-seo-wordpress\/ -->\n<title>SLEP - SLEP<\/title>\n<meta name=\"robots\" content=\"index, follow, max-snippet:-1, max-image-preview:large, max-video-preview:-1\" \/>\n<link rel=\"canonical\" href=\"https:\/\/slep.ch\/\" \/>\n<meta property=\"og:locale\" content=\"de_DE\" \/>\n<meta property=\"og:type\" content=\"article\" \/>\n<meta property=\"og:title\" content=\"SLEP - SLEP\" \/>\n<meta property=\"og:description\" content=\"schweizerische libert\u00e9 \u00e9galit\u00e9 passion Wir, zusammen, die sl\u00e9p , schaffen das, zur&nbsp; libert\u00e9 und \u00e9galit\u00e9. Wir sind nicht f\u00fcr eine Verfassungs\u00e4nderung. Wir wollen keinen Rahmenvertrag, einen Bilderrahmen wo die Schweiz dumm aus dem Rahmen schaut. Denn logisch ist ja, dass die EU nur uns dirigieren\/diktieren will (Rentenalter h\u00f6her setzen, folglich mehr Arbeitslose und Kranke, dass &hellip; \u201eSLEP\u201c weiterlesen\" \/>\n<meta property=\"og:url\" content=\"https:\/\/slep.ch\/\" \/>\n<meta property=\"og:site_name\" content=\"SLEP\" \/>\n<meta property=\"article:modified_time\" content=\"2025-12-12T18:38:03+00:00\" \/>\n<meta property=\"og:image\" content=\"https:\/\/slep.ch\/wp-content\/uploads\/2025\/12\/Slider-Sonnenaufgang.jpg\" \/>\n\t<meta property=\"og:image:width\" content=\"1920\" \/>\n\t<meta property=\"og:image:height\" content=\"400\" \/>\n\t<meta property=\"og:image:type\" content=\"image\/jpeg\" \/>\n<meta name=\"twitter:card\" content=\"summary_large_image\" \/>\n<meta name=\"twitter:label1\" content=\"Gesch\u00e4tzte Lesezeit\" \/>\n\t<meta name=\"twitter:data1\" content=\"2\u00a0Minuten\" \/>\n<script type=\"application\/ld+json\" class=\"yoast-schema-graph\">{\"@context\":\"https:\\\/\\\/schema.org\",\"@graph\":[{\"@type\":\"WebPage\",\"@id\":\"https:\\\/\\\/slep.ch\\\/\",\"url\":\"https:\\\/\\\/slep.ch\\\/\",\"name\":\"SLEP - SLEP\",\"isPartOf\":{\"@id\":\"https:\\\/\\\/slep.ch\\\/#website\"},\"primaryImageOfPage\":{\"@id\":\"https:\\\/\\\/slep.ch\\\/#primaryimage\"},\"image\":{\"@id\":\"https:\\\/\\\/slep.ch\\\/#primaryimage\"},\"thumbnailUrl\":\"https:\\\/\\\/slep.ch\\\/wp-content\\\/uploads\\\/2025\\\/12\\\/Slider-Sonnenaufgang-1024x213.jpg\",\"datePublished\":\"2025-12-12T17:13:26+00:00\",\"dateModified\":\"2025-12-12T18:38:03+00:00\",\"breadcrumb\":{\"@id\":\"https:\\\/\\\/slep.ch\\\/#breadcrumb\"},\"inLanguage\":\"de\",\"potentialAction\":[{\"@type\":\"ReadAction\",\"target\":[\"https:\\\/\\\/slep.ch\\\/\"]}]},{\"@type\":\"ImageObject\",\"inLanguage\":\"de\",\"@id\":\"https:\\\/\\\/slep.ch\\\/#primaryimage\",\"url\":\"https:\\\/\\\/slep.ch\\\/wp-content\\\/uploads\\\/2025\\\/12\\\/Slider-Sonnenaufgang.jpg\",\"contentUrl\":\"https:\\\/\\\/slep.ch\\\/wp-content\\\/uploads\\\/2025\\\/12\\\/Slider-Sonnenaufgang.jpg\",\"width\":1920,\"height\":400},{\"@type\":\"BreadcrumbList\",\"@id\":\"https:\\\/\\\/slep.ch\\\/#breadcrumb\",\"itemListElement\":[{\"@type\":\"ListItem\",\"position\":1,\"name\":\"Start\",\"item\":\"https:\\\/\\\/slep.ch\\\/\"},{\"@type\":\"ListItem\",\"position\":2,\"name\":\"SLEP\"}]},{\"@type\":\"WebSite\",\"@id\":\"https:\\\/\\\/slep.ch\\\/#website\",\"url\":\"https:\\\/\\\/slep.ch\\\/\",\"name\":\"SLEP\",\"description\":\"\",\"potentialAction\":[{\"@type\":\"SearchAction\",\"target\":{\"@type\":\"EntryPoint\",\"urlTemplate\":\"https:\\\/\\\/slep.ch\\\/?s={search_term_string}\"},\"query-input\":{\"@type\":\"PropertyValueSpecification\",\"valueRequired\":true,\"valueName\":\"search_term_string\"}}],\"inLanguage\":\"de\"}]}<\/script>\n<!-- \/ Yoast SEO plugin. -->","yoast_head_json":{"title":"SLEP - SLEP","robots":{"index":"index","follow":"follow","max-snippet":"max-snippet:-1","max-image-preview":"max-image-preview:large","max-video-preview":"max-video-preview:-1"},"canonical":"https:\/\/slep.ch\/","og_locale":"de_DE","og_type":"article","og_title":"SLEP - SLEP","og_description":"schweizerische libert\u00e9 \u00e9galit\u00e9 passion Wir, zusammen, die sl\u00e9p , schaffen das, zur&nbsp; libert\u00e9 und \u00e9galit\u00e9. Wir sind nicht f\u00fcr eine Verfassungs\u00e4nderung. Wir wollen keinen Rahmenvertrag, einen Bilderrahmen wo die Schweiz dumm aus dem Rahmen schaut. Denn logisch ist ja, dass die EU nur uns dirigieren\/diktieren will (Rentenalter h\u00f6her setzen, folglich mehr Arbeitslose und Kranke, dass &hellip; \u201eSLEP\u201c weiterlesen","og_url":"https:\/\/slep.ch\/","og_site_name":"SLEP","article_modified_time":"2025-12-12T18:38:03+00:00","og_image":[{"width":1920,"height":400,"url":"https:\/\/slep.ch\/wp-content\/uploads\/2025\/12\/Slider-Sonnenaufgang.jpg","type":"image\/jpeg"}],"twitter_card":"summary_large_image","twitter_misc":{"Gesch\u00e4tzte Lesezeit":"2\u00a0Minuten"},"schema":{"@context":"https:\/\/schema.org","@graph":[{"@type":"WebPage","@id":"https:\/\/slep.ch\/","url":"https:\/\/slep.ch\/","name":"SLEP - SLEP","isPartOf":{"@id":"https:\/\/slep.ch\/#website"},"primaryImageOfPage":{"@id":"https:\/\/slep.ch\/#primaryimage"},"image":{"@id":"https:\/\/slep.ch\/#primaryimage"},"thumbnailUrl":"https:\/\/slep.ch\/wp-content\/uploads\/2025\/12\/Slider-Sonnenaufgang-1024x213.jpg","datePublished":"2025-12-12T17:13:26+00:00","dateModified":"2025-12-12T18:38:03+00:00","breadcrumb":{"@id":"https:\/\/slep.ch\/#breadcrumb"},"inLanguage":"de","potentialAction":[{"@type":"ReadAction","target":["https:\/\/slep.ch\/"]}]},{"@type":"ImageObject","inLanguage":"de","@id":"https:\/\/slep.ch\/#primaryimage","url":"https:\/\/slep.ch\/wp-content\/uploads\/2025\/12\/Slider-Sonnenaufgang.jpg","contentUrl":"https:\/\/slep.ch\/wp-content\/uploads\/2025\/12\/Slider-Sonnenaufgang.jpg","width":1920,"height":400},{"@type":"BreadcrumbList","@id":"https:\/\/slep.ch\/#breadcrumb","itemListElement":[{"@type":"ListItem","position":1,"name":"Start","item":"https:\/\/slep.ch\/"},{"@type":"ListItem","position":2,"name":"SLEP"}]},{"@type":"WebSite","@id":"https:\/\/slep.ch\/#website","url":"https:\/\/slep.ch\/","name":"SLEP","description":"","potentialAction":[{"@type":"SearchAction","target":{"@type":"EntryPoint","urlTemplate":"https:\/\/slep.ch\/?s={search_term_string}"},"query-input":{"@type":"PropertyValueSpecification","valueRequired":true,"valueName":"search_term_string"}}],"inLanguage":"de"}]}},"_links":{"self":[{"href":"https:\/\/slep.ch\/index.php?rest_route=\/wp\/v2\/pages\/26","targetHints":{"allow":["GET"]}}],"collection":[{"href":"https:\/\/slep.ch\/index.php?rest_route=\/wp\/v2\/pages"}],"about":[{"href":"https:\/\/slep.ch\/index.php?rest_route=\/wp\/v2\/types\/page"}],"author":[{"embeddable":true,"href":"https:\/\/slep.ch\/index.php?rest_route=\/wp\/v2\/users\/1"}],"replies":[{"embeddable":true,"href":"https:\/\/slep.ch\/index.php?rest_route=%2Fwp%2Fv2%2Fcomments&post=26"}],"version-history":[{"count":4,"href":"https:\/\/slep.ch\/index.php?rest_route=\/wp\/v2\/pages\/26\/revisions"}],"predecessor-version":[{"id":59,"href":"https:\/\/slep.ch\/index.php?rest_route=\/wp\/v2\/pages\/26\/revisions\/59"}],"wp:attachment":[{"href":"https:\/\/slep.ch\/index.php?rest_route=%2Fwp%2Fv2%2Fmedia&parent=26"}],"curies":[{"name":"wp","href":"https:\/\/api.w.org\/{rel}","templated":true}]}}