{"id":33,"date":"2025-12-12T17:24:14","date_gmt":"2025-12-12T17:24:14","guid":{"rendered":"https:\/\/slep.ch\/?page_id=33"},"modified":"2025-12-12T17:24:14","modified_gmt":"2025-12-12T17:24:14","slug":"themen","status":"publish","type":"page","link":"https:\/\/slep.ch\/?page_id=33","title":{"rendered":"Themen"},"content":{"rendered":"\n<h1 class=\"wp-block-heading\">News, Themen und Konzepte<\/h1>\n\n\n\n<p>Wir k\u00e4mpfen f\u00fcr das Wohlergehen der Schweizer B\u00fcrger und dessen Werte zu erhalten. Nur durch eine neue Parteigr\u00fcndung und den gemeinsamen Zusammenhalt kann gegen die jetzigen und geplanten Bestimmungen angegangen werden. Die Verfassung und die Grundgesetze f\u00fcr die Menschen (alt oder jung, Mann oder Frau, gesund oder krank &#8230;etc.) in der Schweiz, dies insbesondere f\u00fcr die jetzigen Kinder und dessen Zukunft. Helfen auch Sie mit bei dieser Neugestaltung.<\/p>\n\n\n\n<h2 class=\"wp-block-heading\">Die Katze<\/h2>\n\n\n\n<figure class=\"wp-block-image size-large\"><img loading=\"lazy\" decoding=\"async\" width=\"1024\" height=\"551\" src=\"https:\/\/slep.ch\/wp-content\/uploads\/2025\/12\/KatzeVideoPic-1024x551.jpg\" alt=\"\" class=\"wp-image-15\" srcset=\"https:\/\/slep.ch\/wp-content\/uploads\/2025\/12\/KatzeVideoPic-1024x551.jpg 1024w, https:\/\/slep.ch\/wp-content\/uploads\/2025\/12\/KatzeVideoPic-300x161.jpg 300w, https:\/\/slep.ch\/wp-content\/uploads\/2025\/12\/KatzeVideoPic-768x413.jpg 768w, https:\/\/slep.ch\/wp-content\/uploads\/2025\/12\/KatzeVideoPic.jpg 1138w\" sizes=\"auto, (max-width: 706px) 89vw, (max-width: 767px) 82vw, 740px\" \/><\/figure>\n\n\n\n<h2 class=\"wp-block-heading\">Der Weg<\/h2>\n\n\n\n<p>Mit Mut, Liebe und Wahrheit&nbsp;<\/p>\n\n\n\n<h2 class=\"wp-block-heading\">Die Motivation<\/h2>\n\n\n\n<p>F\u00fcr unsere Kinder das erhalten ihrer Zukunft<\/p>\n\n\n\n<ul class=\"wp-block-list\">\n<li>Freiheit: demokratische freie Meinungs\u00e4usserung, Vertrauen schaffen<\/li>\n\n\n\n<li>Erhaltung: Erhalt der jetzigen Werte, die wir kennen und lieben.<\/li>\n\n\n\n<li>Umwelt: Der Umwelt Sorge tragen<\/li>\n\n\n\n<li>Wasser: Der Mensch braucht Wasser und das Wasser soll allen gratis zur Verf\u00fcgung stehen.<\/li>\n\n\n\n<li>Menschenrechte und W\u00fcrde, Verfassung sch\u00fctzen, Kinder sch\u00fctzen<\/li>\n\n\n\n<li>Gleichheit: Keine 2 Klassen Gesellschaften (Bspw. &#8222;3 G&#8220; Geimpfte, Genesene und Getestete gegen den Rest der Welt)<\/li>\n\n\n\n<li>Verfassung weiterhin f\u00fcr alle B\u00fcrgerinnen und B\u00fcrger<br>(Keine Verfassungs\u00e4nderung f\u00fcr eine einzelne Gruppe)<\/li>\n\n\n\n<li>Schweiz soll als Vorbild\u00a0 agieren. Weniger ist Mehr.<\/li>\n\n\n\n<li>Das Covid Zertifikat soll nicht als Freipass gelten (2 Klassen Gesellschaft)<\/li>\n\n\n\n<li>Wir sind Steuerzahler und wollen dass unser Geld sinnvoll f\u00fcr uns und unsere Kinder eingesetzt werden, die Zukunft ist uns wichtig.<\/li>\n\n\n\n<li>Ressourcen: Egal wo es herrscht Ressourcenmangel. Stahl, Holz oder Kupfer etc. vieles kommt heute vom nahen Osten welcher aktuell gr\u00f6ssere Lieferengp\u00e4sse hat. Ziel w\u00e4re es hier unabh\u00e4ngiger zu werden gegen\u00fcber dem Ausland insbesondere der Bereich Lebensmittel (Bauern mehr Chancen bieten) ist hier noch speziell zu erw\u00e4hnen. Die Bauern sind die Wurzeln der Eidgenossen.<\/li>\n\n\n\n<li>Die Bed\u00fcrfnisse der Menschen umsetzen und nicht die der Politiker.<\/li>\n<\/ul>\n\n\n\n<p>Mit vereinten Kr\u00e4ften, muss eine Parteigr\u00fcndung ins Leben gerufen werden.<br>I have a dream: Dass alle Organisationen die f\u00fcr Freiheit und Gleichheit k\u00e4mpfen und einstehen &#8211; zusammen zu einer Einheit der SL\u00c9P kommen.<\/p>\n\n\n\n<p>I want to break free, Ich will mich befreien, Ich m\u00f6chte mich von deinen L\u00fcgen befreien, Gott weiss, Gott weiss, ich m\u00f6chte mich befreien.<\/p>\n","protected":false},"excerpt":{"rendered":"<p>News, Themen und Konzepte Wir k\u00e4mpfen f\u00fcr das Wohlergehen der Schweizer B\u00fcrger und dessen Werte zu erhalten. Nur durch eine neue Parteigr\u00fcndung und den gemeinsamen Zusammenhalt kann gegen die jetzigen und geplanten Bestimmungen angegangen werden. Die Verfassung und die Grundgesetze f\u00fcr die Menschen (alt oder jung, Mann oder Frau, gesund oder krank &#8230;etc.) in der &hellip; <\/p>\n<p class=\"link-more\"><a href=\"https:\/\/slep.ch\/?page_id=33\" class=\"more-link\"><span class=\"screen-reader-text\">\u201eThemen\u201c <\/span>weiterlesen<\/a><\/p>\n","protected":false},"author":1,"featured_media":0,"parent":0,"menu_order":0,"comment_status":"closed","ping_status":"closed","template":"","meta":{"footnotes":""},"class_list":["post-33","page","type-page","status-publish","hentry"],"yoast_head":"<!-- This site is optimized with the Yoast SEO plugin v27.4 - https:\/\/yoast.com\/product\/yoast-seo-wordpress\/ -->\n<title>Themen - SLEP<\/title>\n<meta name=\"robots\" content=\"index, follow, max-snippet:-1, max-image-preview:large, max-video-preview:-1\" \/>\n<link rel=\"canonical\" href=\"https:\/\/slep.ch\/?page_id=33\" \/>\n<meta property=\"og:locale\" content=\"de_DE\" \/>\n<meta property=\"og:type\" content=\"article\" \/>\n<meta property=\"og:title\" content=\"Themen - SLEP\" \/>\n<meta property=\"og:description\" content=\"News, Themen und Konzepte Wir k\u00e4mpfen f\u00fcr das Wohlergehen der Schweizer B\u00fcrger und dessen Werte zu erhalten. Nur durch eine neue Parteigr\u00fcndung und den gemeinsamen Zusammenhalt kann gegen die jetzigen und geplanten Bestimmungen angegangen werden. Die Verfassung und die Grundgesetze f\u00fcr die Menschen (alt oder jung, Mann oder Frau, gesund oder krank &#8230;etc.) in der &hellip; \u201eThemen\u201c weiterlesen\" \/>\n<meta property=\"og:url\" content=\"https:\/\/slep.ch\/?page_id=33\" \/>\n<meta property=\"og:site_name\" content=\"SLEP\" \/>\n<meta property=\"og:image\" content=\"https:\/\/slep.ch\/wp-content\/uploads\/2025\/12\/KatzeVideoPic.jpg\" \/>\n\t<meta property=\"og:image:width\" content=\"1138\" \/>\n\t<meta property=\"og:image:height\" content=\"612\" \/>\n\t<meta property=\"og:image:type\" content=\"image\/jpeg\" \/>\n<meta name=\"twitter:card\" content=\"summary_large_image\" \/>\n<meta name=\"twitter:label1\" content=\"Gesch\u00e4tzte Lesezeit\" \/>\n\t<meta name=\"twitter:data1\" content=\"2\u00a0Minuten\" \/>\n<script type=\"application\/ld+json\" class=\"yoast-schema-graph\">{\"@context\":\"https:\\\/\\\/schema.org\",\"@graph\":[{\"@type\":\"WebPage\",\"@id\":\"https:\\\/\\\/slep.ch\\\/?page_id=33\",\"url\":\"https:\\\/\\\/slep.ch\\\/?page_id=33\",\"name\":\"Themen - SLEP\",\"isPartOf\":{\"@id\":\"https:\\\/\\\/slep.ch\\\/#website\"},\"primaryImageOfPage\":{\"@id\":\"https:\\\/\\\/slep.ch\\\/?page_id=33#primaryimage\"},\"image\":{\"@id\":\"https:\\\/\\\/slep.ch\\\/?page_id=33#primaryimage\"},\"thumbnailUrl\":\"https:\\\/\\\/slep.ch\\\/wp-content\\\/uploads\\\/2025\\\/12\\\/KatzeVideoPic-1024x551.jpg\",\"datePublished\":\"2025-12-12T17:24:14+00:00\",\"breadcrumb\":{\"@id\":\"https:\\\/\\\/slep.ch\\\/?page_id=33#breadcrumb\"},\"inLanguage\":\"de\",\"potentialAction\":[{\"@type\":\"ReadAction\",\"target\":[\"https:\\\/\\\/slep.ch\\\/?page_id=33\"]}]},{\"@type\":\"ImageObject\",\"inLanguage\":\"de\",\"@id\":\"https:\\\/\\\/slep.ch\\\/?page_id=33#primaryimage\",\"url\":\"https:\\\/\\\/slep.ch\\\/wp-content\\\/uploads\\\/2025\\\/12\\\/KatzeVideoPic.jpg\",\"contentUrl\":\"https:\\\/\\\/slep.ch\\\/wp-content\\\/uploads\\\/2025\\\/12\\\/KatzeVideoPic.jpg\",\"width\":1138,\"height\":612},{\"@type\":\"BreadcrumbList\",\"@id\":\"https:\\\/\\\/slep.ch\\\/?page_id=33#breadcrumb\",\"itemListElement\":[{\"@type\":\"ListItem\",\"position\":1,\"name\":\"Start\",\"item\":\"https:\\\/\\\/slep.ch\\\/\"},{\"@type\":\"ListItem\",\"position\":2,\"name\":\"Themen\"}]},{\"@type\":\"WebSite\",\"@id\":\"https:\\\/\\\/slep.ch\\\/#website\",\"url\":\"https:\\\/\\\/slep.ch\\\/\",\"name\":\"SLEP\",\"description\":\"\",\"potentialAction\":[{\"@type\":\"SearchAction\",\"target\":{\"@type\":\"EntryPoint\",\"urlTemplate\":\"https:\\\/\\\/slep.ch\\\/?s={search_term_string}\"},\"query-input\":{\"@type\":\"PropertyValueSpecification\",\"valueRequired\":true,\"valueName\":\"search_term_string\"}}],\"inLanguage\":\"de\"}]}<\/script>\n<!-- \/ Yoast SEO plugin. -->","yoast_head_json":{"title":"Themen - SLEP","robots":{"index":"index","follow":"follow","max-snippet":"max-snippet:-1","max-image-preview":"max-image-preview:large","max-video-preview":"max-video-preview:-1"},"canonical":"https:\/\/slep.ch\/?page_id=33","og_locale":"de_DE","og_type":"article","og_title":"Themen - SLEP","og_description":"News, Themen und Konzepte Wir k\u00e4mpfen f\u00fcr das Wohlergehen der Schweizer B\u00fcrger und dessen Werte zu erhalten. Nur durch eine neue Parteigr\u00fcndung und den gemeinsamen Zusammenhalt kann gegen die jetzigen und geplanten Bestimmungen angegangen werden. Die Verfassung und die Grundgesetze f\u00fcr die Menschen (alt oder jung, Mann oder Frau, gesund oder krank &#8230;etc.) in der &hellip; \u201eThemen\u201c weiterlesen","og_url":"https:\/\/slep.ch\/?page_id=33","og_site_name":"SLEP","og_image":[{"width":1138,"height":612,"url":"https:\/\/slep.ch\/wp-content\/uploads\/2025\/12\/KatzeVideoPic.jpg","type":"image\/jpeg"}],"twitter_card":"summary_large_image","twitter_misc":{"Gesch\u00e4tzte Lesezeit":"2\u00a0Minuten"},"schema":{"@context":"https:\/\/schema.org","@graph":[{"@type":"WebPage","@id":"https:\/\/slep.ch\/?page_id=33","url":"https:\/\/slep.ch\/?page_id=33","name":"Themen - SLEP","isPartOf":{"@id":"https:\/\/slep.ch\/#website"},"primaryImageOfPage":{"@id":"https:\/\/slep.ch\/?page_id=33#primaryimage"},"image":{"@id":"https:\/\/slep.ch\/?page_id=33#primaryimage"},"thumbnailUrl":"https:\/\/slep.ch\/wp-content\/uploads\/2025\/12\/KatzeVideoPic-1024x551.jpg","datePublished":"2025-12-12T17:24:14+00:00","breadcrumb":{"@id":"https:\/\/slep.ch\/?page_id=33#breadcrumb"},"inLanguage":"de","potentialAction":[{"@type":"ReadAction","target":["https:\/\/slep.ch\/?page_id=33"]}]},{"@type":"ImageObject","inLanguage":"de","@id":"https:\/\/slep.ch\/?page_id=33#primaryimage","url":"https:\/\/slep.ch\/wp-content\/uploads\/2025\/12\/KatzeVideoPic.jpg","contentUrl":"https:\/\/slep.ch\/wp-content\/uploads\/2025\/12\/KatzeVideoPic.jpg","width":1138,"height":612},{"@type":"BreadcrumbList","@id":"https:\/\/slep.ch\/?page_id=33#breadcrumb","itemListElement":[{"@type":"ListItem","position":1,"name":"Start","item":"https:\/\/slep.ch\/"},{"@type":"ListItem","position":2,"name":"Themen"}]},{"@type":"WebSite","@id":"https:\/\/slep.ch\/#website","url":"https:\/\/slep.ch\/","name":"SLEP","description":"","potentialAction":[{"@type":"SearchAction","target":{"@type":"EntryPoint","urlTemplate":"https:\/\/slep.ch\/?s={search_term_string}"},"query-input":{"@type":"PropertyValueSpecification","valueRequired":true,"valueName":"search_term_string"}}],"inLanguage":"de"}]}},"_links":{"self":[{"href":"https:\/\/slep.ch\/index.php?rest_route=\/wp\/v2\/pages\/33","targetHints":{"allow":["GET"]}}],"collection":[{"href":"https:\/\/slep.ch\/index.php?rest_route=\/wp\/v2\/pages"}],"about":[{"href":"https:\/\/slep.ch\/index.php?rest_route=\/wp\/v2\/types\/page"}],"author":[{"embeddable":true,"href":"https:\/\/slep.ch\/index.php?rest_route=\/wp\/v2\/users\/1"}],"replies":[{"embeddable":true,"href":"https:\/\/slep.ch\/index.php?rest_route=%2Fwp%2Fv2%2Fcomments&post=33"}],"version-history":[{"count":1,"href":"https:\/\/slep.ch\/index.php?rest_route=\/wp\/v2\/pages\/33\/revisions"}],"predecessor-version":[{"id":35,"href":"https:\/\/slep.ch\/index.php?rest_route=\/wp\/v2\/pages\/33\/revisions\/35"}],"wp:attachment":[{"href":"https:\/\/slep.ch\/index.php?rest_route=%2Fwp%2Fv2%2Fmedia&parent=33"}],"curies":[{"name":"wp","href":"https:\/\/api.w.org\/{rel}","templated":true}]}}