{"id":36,"date":"2025-12-12T17:26:17","date_gmt":"2025-12-12T17:26:17","guid":{"rendered":"https:\/\/slep.ch\/?page_id=36"},"modified":"2025-12-12T18:36:00","modified_gmt":"2025-12-12T18:36:00","slug":"musik","status":"publish","type":"page","link":"https:\/\/slep.ch\/?page_id=36","title":{"rendered":"Politik mit Musik"},"content":{"rendered":"\n<p>Als Leidenschaftlicher Musiker, teile ich hier gerne einige meiner Favoriten &#8211; zum Nachdenken.<\/p>\n\n\n\n<figure class=\"wp-block-gallery has-nested-images columns-default is-cropped wp-block-gallery-1 is-layout-flex wp-block-gallery-is-layout-flex\">\n<figure class=\"wp-block-image size-full\"><img loading=\"lazy\" decoding=\"async\" width=\"401\" height=\"600\" data-id=\"37\" src=\"https:\/\/slep.ch\/wp-content\/uploads\/2025\/12\/image-1.jpeg\" alt=\"\" class=\"wp-image-37\" srcset=\"https:\/\/slep.ch\/wp-content\/uploads\/2025\/12\/image-1.jpeg 401w, https:\/\/slep.ch\/wp-content\/uploads\/2025\/12\/image-1-201x300.jpeg 201w\" sizes=\"auto, (max-width: 401px) 100vw, 401px\" \/><\/figure>\n\n\n\n<figure class=\"wp-block-image\"><img loading=\"lazy\" decoding=\"async\" width=\"800\" height=\"428\" data-id=\"39\" src=\"https:\/\/slep.ch\/wp-content\/uploads\/2025\/12\/image-3.jpeg\" alt=\"\" class=\"wp-image-39\" srcset=\"https:\/\/slep.ch\/wp-content\/uploads\/2025\/12\/image-3.jpeg 800w, https:\/\/slep.ch\/wp-content\/uploads\/2025\/12\/image-3-300x161.jpeg 300w, https:\/\/slep.ch\/wp-content\/uploads\/2025\/12\/image-3-768x411.jpeg 768w\" sizes=\"auto, (max-width: 706px) 89vw, (max-width: 767px) 82vw, 740px\" \/><\/figure>\n\n\n\n<figure class=\"wp-block-image\"><img loading=\"lazy\" decoding=\"async\" width=\"664\" height=\"546\" data-id=\"38\" src=\"https:\/\/slep.ch\/wp-content\/uploads\/2025\/12\/image-2.jpeg\" alt=\"\" class=\"wp-image-38\" srcset=\"https:\/\/slep.ch\/wp-content\/uploads\/2025\/12\/image-2.jpeg 664w, https:\/\/slep.ch\/wp-content\/uploads\/2025\/12\/image-2-300x247.jpeg 300w\" sizes=\"auto, (max-width: 664px) 100vw, 664px\" \/><\/figure>\n<\/figure>\n\n\n\n<figure class=\"wp-block-image size-full\"><img loading=\"lazy\" decoding=\"async\" width=\"400\" height=\"78\" src=\"https:\/\/slep.ch\/wp-content\/uploads\/2025\/12\/image-4.jpeg\" alt=\"\" class=\"wp-image-40\" srcset=\"https:\/\/slep.ch\/wp-content\/uploads\/2025\/12\/image-4.jpeg 400w, https:\/\/slep.ch\/wp-content\/uploads\/2025\/12\/image-4-300x59.jpeg 300w\" sizes=\"auto, (max-width: 400px) 100vw, 400px\" \/><\/figure>\n\n\n\n<hr class=\"wp-block-separator has-alpha-channel-opacity\"\/>\n\n\n\n<figure class=\"wp-block-image size-full\"><a href=\"https:\/\/www.youtube.com\/@jimmymcbarron5408\"><img loading=\"lazy\" decoding=\"async\" width=\"578\" height=\"197\" src=\"https:\/\/slep.ch\/wp-content\/uploads\/2025\/12\/Youtube-Kanal-Mc-Barron.jpg\" alt=\"\" class=\"wp-image-56\" srcset=\"https:\/\/slep.ch\/wp-content\/uploads\/2025\/12\/Youtube-Kanal-Mc-Barron.jpg 578w, https:\/\/slep.ch\/wp-content\/uploads\/2025\/12\/Youtube-Kanal-Mc-Barron-300x102.jpg 300w\" sizes=\"auto, (max-width: 578px) 100vw, 578px\" \/><\/a><\/figure>\n\n\n\n<hr class=\"wp-block-separator has-alpha-channel-opacity\"\/>\n\n\n\n<ul class=\"wp-block-list\">\n<li><a href=\"https:\/\/www.youtube.com\/watch?v=EGfCSrrlNxo\">Subzonic &#8211; Titelgschicht (Video Version) &#8211; YouTube<\/a><\/li>\n\n\n\n<li><a href=\"https:\/\/www.youtube.com\/watch?v=W9c8btKxv1M\">Florian Ast &#8211; Bundesrat (Official Video) &#8211; YouTube<\/a><\/li>\n\n\n\n<li><a href=\"https:\/\/www.youtube.com\/watch?v=2lbqFXQ402U\">GEORGE &#8211; 20 Jahre Hie bini deheim &#8211; Jubil\u00e4umsversion &#8211; YouTube<\/a><\/li>\n\n\n\n<li><a href=\"https:\/\/www.youtube.com\/watch?v=iA-nhE2heuo\">Berner Oberland Anthem (Vogellisi) &#8211; YouTube<\/a><\/li>\n\n\n\n<li><a href=\"https:\/\/www.youtube.com\/watch?v=qhDRomQDfiY\">\u00dcbere Gotthard fl\u00fcge Br\u00e4me &#8211; YouTube<\/a><\/li>\n\n\n\n<li><a href=\"https:\/\/www.youtube.com\/watch?v=MN9YLLQl7gE\">EAZY SLEAZY \u2014 Mick Jagger with Dave Grohl \u2014 Lyric video &#8211; YouTube<\/a><\/li>\n\n\n\n<li><a href=\"https:\/\/www.youtube.com\/watch?v=V1bFr2SWP1I\">OFFICIAL Somewhere over the Rainbow &#8211; Israel &#8222;IZ&#8220; Kamakawiwo\u02bbole &#8211; YouTube<br><\/a>Asche zu Asche, Staub zu Staub,<br>Nur im Leben kann man sch\u00f6nes liebevolles machen,<br>damit was f\u00fcr die Lebenden bleibendes bleibt.<\/li>\n\n\n\n<li><a href=\"https:\/\/www.youtube.com\/watch?v=FA2w-PMKspo\">Thirty Seconds To Mars &#8211; Walk On Water (Lyric Video) &#8211; YouTube<\/a><\/li>\n\n\n\n<li><a href=\"https:\/\/www.youtube.com\/watch?v=SR5sxe1IQUo\">Alperose &#8211; Polo Hofer &amp; Die Schmetterband &#8211; YouTube<\/a><\/li>\n\n\n\n<li><a href=\"https:\/\/www.youtube.com\/watch?v=KFdzPhu_nM8\">Wysseb\u00fcehl &#8211; Polo Hofer &#8211; YouTube<\/a><\/li>\n\n\n\n<li><a href=\"https:\/\/www.youtube.com\/watch?v=aG8Bu_s8cRw\">Polo Hofer &amp; Die Schmetterband &#8211; Liebe Siech &#8211; YouTube<\/a><\/li>\n\n\n\n<li><a href=\"https:\/\/www.youtube.com\/watch?v=9m8qt_MHYc0\">Im Letschte Tram-Polo Hofer &#8211; YouTube<\/a><\/li>\n\n\n\n<li><a href=\"https:\/\/www.youtube.com\/watch?v=-fjRM7mysVQ\">Polo Hofer &#8211; z&#8217;letscht\u00e4 Hemmli &#8211; YouTube<\/a><\/li>\n\n\n\n<li><a href=\"https:\/\/www.youtube.com\/watch?v=778UIGMS4aA\">Reinhard Mey &#8211; Sei wachsam &#8211; YouTube<\/a><\/li>\n\n\n\n<li><a href=\"https:\/\/www.youtube.com\/watch?v=f4Mc-NYPHaQ\">Queen &#8211; I Want To Break Free (Official Video) &#8211; YouTube<\/a><\/li>\n\n\n\n<li><a href=\"https:\/\/www.youtube.com\/watch?v=lKLSZDd3z2E\">Nicht in meinem Namen (Bodo Wartke) &#8211; YouTube<\/a><\/li>\n\n\n\n<li><a href=\"https:\/\/www.youtube.com\/watch?v=8ax3HmHUK3I\">mash &#8211; ewigi li\u00e4bi (original videoclip) &#8211; YouTube<br><\/a>Was wir lieben, verbindet uns<\/li>\n\n\n\n<li><a href=\"https:\/\/www.youtube.com\/watch?v=VqOLFQsIIyk\">Andreas Gabalier &#8211; A Meinung Haben &#8211; Olympiastadion M\u00fcnchen &#8211; 30.07.2016 &#8211; YouTube<\/a><\/li>\n\n\n\n<li><a href=\"https:\/\/www.youtube.com\/watch?v=j09hpp3AxIE\">Die Toten Hosen \/\/ \u201eTage wie diese&#8220; [Offizielles Musikvideo] &#8211; YouTube<\/a><\/li>\n\n\n\n<li><a href=\"https:\/\/www.youtube.com\/watch?v=za9P26A3Jj0\">Trauffer &#8211; Heiterefahne &#8211; YouTube<\/a><\/li>\n\n\n\n<li><a href=\"https:\/\/www.youtube.com\/watch?v=EwrM2nmomRc\">Heimweh von Pl\u00fcsch &#8211; YouTube<\/a><\/li>\n\n\n\n<li><a href=\"https:\/\/www.youtube.com\/watch?v=YR5ApYxkU-U\">Pink Floyd &#8211; Another Brick In The Wall (HQ) &#8211; YouTube<\/a><\/li>\n\n\n\n<li>The Beatles &#8211; Rooftop Concert 1969<br><a href=\"https:\/\/www.facebook.com\/aarpcalifornia\/videos\/the-beatles-rooftop-concert-1969\/10155733684209112\/?extid=SEO----\">https:\/\/www.facebook.com\/aarpcalifornia\/videos\/the-beatles-rooftop-concert-1969\/10155733684209112\/?extid=SEO&#8212;-<\/a><\/li>\n\n\n\n<li><a href=\"https:\/\/www.youtube.com\/watch?v=VkTNnCCKnE4\">Lucio Dalla &#8211; Canzone (Videoclip) &#8211; YouTube<\/a><\/li>\n\n\n\n<li><a href=\"https:\/\/www.youtube.com\/watch?v=HCyzGuipTd4\">AZZURRO &#8211; ADRIANO CELENTANO &#8211; YouTube<\/a><\/li>\n\n\n\n<li><a href=\"https:\/\/www.youtube.com\/watch?v=uusBX3pptXY\">Zucchero Live In Italy &#8211; Cosi&#8216; Celeste &#8211; YouTube<\/a><\/li>\n\n\n\n<li><a href=\"https:\/\/www.youtube.com\/watch?v=tN0ipJq9nac\">HK &amp; Les Saltimbanks &#8211; &#8222;On l\u00e2che rien&#8220; &#8211; YouTube<\/a><\/li>\n\n\n\n<li><a href=\"https:\/\/www.youtube.com\/watch?v=9ddv6lPrnRA\">HK &#8211; Toi et moi, ma libert\u00e9 (Officiel) &#8211; YouTube<\/a><\/li>\n\n\n\n<li><a href=\"https:\/\/www.youtube.com\/watch?v=SyBEMRyt6Qg\">HK &#8211; Danser encore (Officiel) &#8211; YouTube<\/a><\/li>\n\n\n\n<li><a href=\"https:\/\/www.youtube.com\/watch?v=W1SsFxzP0SU\">Hie bini deheim (George) &#8211; Biel \/ Seeland aus der Luft &#8211; YouTube<\/a><\/li>\n\n\n\n<li><a href=\"https:\/\/www.youtube.com\/watch?v=ephxAjpF_qA\">Michelle Ryser &#8211; Hoch auf den Weissenstein &#8211; YouTube<\/a><\/li>\n\n\n\n<li><a href=\"https:\/\/www.youtube.com\/watch?v=yLIDflQpRKE\">Pl\u00fcsch &#8211; Heimweh &#8211; YouTube<\/a><\/li>\n\n\n\n<li><a href=\"https:\/\/www.youtube.com\/watch?v=vxC__XOKNCs\">DJ BoBo &#8222;Love Is The Price Official Videoclip &#8222;Making Of&#8220; &#8211; YouTube<\/a><\/li>\n\n\n\n<li><a href=\"https:\/\/www.youtube.com\/watch?v=7f2pFqLoagQ\">BIBI &amp; TINA:&#8220;Ich bleib hier&#8220; &#8211; YouTube<\/a><\/li>\n\n\n\n<li><a href=\"https:\/\/www.youtube.com\/watch?v=kKoNoxSeUyo\">BIBI &amp; TINA: &#8222;No risk, no fun&#8220; &#8211; YouTube<\/a><\/li>\n\n\n\n<li><a href=\"https:\/\/www.youtube.com\/watch?v=F3HKw89YcoA\">Bibi &amp; Tina &#8211; HAPPY END mit Liedtext LYRICS zum Mitsingen &#8211; volle L\u00e4nge &#8211; YouTube<\/a><\/li>\n\n\n\n<li><a href=\"https:\/\/www.youtube.com\/watch?v=UUjanrmflRU\">Sarah Lesch &#8211; Da Draussen (Offizielles Video) &#8211; YouTube<\/a><\/li>\n\n\n\n<li><a href=\"https:\/\/www.youtube.com\/watch?v=l3QxT-w3WMo\">Boney M. &#8211; Rivers of Babylon (Sopot Festival 1979) &#8211; YouTube<\/a><\/li>\n\n\n\n<li><a href=\"https:\/\/www.youtube.com\/watch?v=zsMQdQNlwfk\">Nino de Angelo &#8211; Jenseits von Eden &#8211; (offizielles Video) &#8211; YouTube<\/a><\/li>\n\n\n\n<li><a href=\"https:\/\/www.youtube.com\/watch?v=5wU1Dr5Vj_w\">Farin Urlaub Racing Team &#8211; iDisco (Offizielles Video) &#8211; YouTube<\/a><\/li>\n\n\n\n<li><a href=\"https:\/\/www.youtube.com\/watch?v=YkgkThdzX-8\">IMAGINE. (Ultimate Mix, 2020) &#8211; John Lennon &amp; The Plastic Ono Band (with the Flux Fiddlers) HD &#8211; YouTube<\/a><\/li>\n\n\n\n<li><a href=\"https:\/\/www.youtube.com\/watch?v=YQHsXMglC9A\">Adele &#8211; Hello (Official Music Video) &#8211; YouTube<\/a><\/li>\n\n\n\n<li><a href=\"https:\/\/www.youtube.com\/watch?v=1lyu1KKwC74\">The Verve &#8211; Bitter Sweet Symphony &#8211; YouTube<\/a><\/li>\n\n\n\n<li><a href=\"https:\/\/www.youtube.com\/watch?v=V9AbeALNVkk\">Twisted Sister &#8211; We&#8217;re Not Gonna Take it (Extended Version) (Official Music Video) &#8211; YouTube<\/a><\/li>\n\n\n\n<li><a href=\"https:\/\/www.youtube.com\/watch?v=tbkOZTSvrHs\">John Farnham &#8211; You&#8217;re the Voice (Official Video) &#8211; YouTube<\/a><\/li>\n\n\n\n<li><a href=\"https:\/\/www.youtube.com\/watch?app=desktop&amp;v=C3_0GqPvr4U\">GIVE PEACE A CHANCE. (Ultimate Mix, 2020) &#8211; Plastic Ono Band (official music video HD) &#8211; YouTube<\/a><\/li>\n\n\n\n<li><a href=\"https:\/\/www.youtube.com\/watch?v=FdaKfY1oOh8\">Fabrizio De Andr\u00e9 &#8211; Andrea &#8211; YouTube<\/a><\/li>\n\n\n\n<li><a href=\"https:\/\/www.youtube.com\/watch?v=C6dpQWnRII0\">Eros Ramazzotti &#8211; Se bastasse una canzone (Official Video) &#8211; YouTube<\/a><\/li>\n\n\n\n<li><a href=\"https:\/\/www.youtube.com\/watch?app=desktop&amp;v=3_V2AQfM_Kk\">EROS RAMAZZOTTI &#8211; Dove c&#8217;\u00e8 musica RadioItaliaLive Il Concerto &#8211; YouTube<\/a><\/li>\n<\/ul>\n","protected":false},"excerpt":{"rendered":"<p>Als Leidenschaftlicher Musiker, teile ich hier gerne einige meiner Favoriten &#8211; zum Nachdenken.<\/p>\n","protected":false},"author":1,"featured_media":0,"parent":0,"menu_order":0,"comment_status":"closed","ping_status":"closed","template":"","meta":{"footnotes":""},"class_list":["post-36","page","type-page","status-publish","hentry"],"yoast_head":"<!-- This site is optimized with the Yoast SEO plugin v27.4 - https:\/\/yoast.com\/product\/yoast-seo-wordpress\/ -->\n<title>Politik mit Musik - SLEP<\/title>\n<meta name=\"robots\" content=\"index, follow, max-snippet:-1, max-image-preview:large, max-video-preview:-1\" \/>\n<link rel=\"canonical\" href=\"https:\/\/slep.ch\/?page_id=36\" \/>\n<meta property=\"og:locale\" content=\"de_DE\" \/>\n<meta property=\"og:type\" content=\"article\" \/>\n<meta property=\"og:title\" content=\"Politik mit Musik - SLEP\" \/>\n<meta property=\"og:description\" content=\"Als Leidenschaftlicher Musiker, teile ich hier gerne einige meiner Favoriten &#8211; zum Nachdenken.\" \/>\n<meta property=\"og:url\" content=\"https:\/\/slep.ch\/?page_id=36\" \/>\n<meta property=\"og:site_name\" content=\"SLEP\" \/>\n<meta property=\"article:modified_time\" content=\"2025-12-12T18:36:00+00:00\" \/>\n<meta property=\"og:image\" content=\"https:\/\/slep.ch\/wp-content\/uploads\/2025\/12\/image-1.jpeg\" \/>\n\t<meta property=\"og:image:width\" content=\"401\" \/>\n\t<meta property=\"og:image:height\" content=\"600\" \/>\n\t<meta property=\"og:image:type\" content=\"image\/jpeg\" \/>\n<meta name=\"twitter:card\" content=\"summary_large_image\" \/>\n<meta name=\"twitter:label1\" content=\"Gesch\u00e4tzte Lesezeit\" \/>\n\t<meta name=\"twitter:data1\" content=\"4\u00a0Minuten\" \/>\n<script type=\"application\/ld+json\" class=\"yoast-schema-graph\">{\"@context\":\"https:\\\/\\\/schema.org\",\"@graph\":[{\"@type\":\"WebPage\",\"@id\":\"https:\\\/\\\/slep.ch\\\/?page_id=36\",\"url\":\"https:\\\/\\\/slep.ch\\\/?page_id=36\",\"name\":\"Politik mit Musik - SLEP\",\"isPartOf\":{\"@id\":\"https:\\\/\\\/slep.ch\\\/#website\"},\"primaryImageOfPage\":{\"@id\":\"https:\\\/\\\/slep.ch\\\/?page_id=36#primaryimage\"},\"image\":{\"@id\":\"https:\\\/\\\/slep.ch\\\/?page_id=36#primaryimage\"},\"thumbnailUrl\":\"https:\\\/\\\/slep.ch\\\/wp-content\\\/uploads\\\/2025\\\/12\\\/image-1.jpeg\",\"datePublished\":\"2025-12-12T17:26:17+00:00\",\"dateModified\":\"2025-12-12T18:36:00+00:00\",\"breadcrumb\":{\"@id\":\"https:\\\/\\\/slep.ch\\\/?page_id=36#breadcrumb\"},\"inLanguage\":\"de\",\"potentialAction\":[{\"@type\":\"ReadAction\",\"target\":[\"https:\\\/\\\/slep.ch\\\/?page_id=36\"]}]},{\"@type\":\"ImageObject\",\"inLanguage\":\"de\",\"@id\":\"https:\\\/\\\/slep.ch\\\/?page_id=36#primaryimage\",\"url\":\"https:\\\/\\\/slep.ch\\\/wp-content\\\/uploads\\\/2025\\\/12\\\/image-1.jpeg\",\"contentUrl\":\"https:\\\/\\\/slep.ch\\\/wp-content\\\/uploads\\\/2025\\\/12\\\/image-1.jpeg\",\"width\":401,\"height\":600},{\"@type\":\"BreadcrumbList\",\"@id\":\"https:\\\/\\\/slep.ch\\\/?page_id=36#breadcrumb\",\"itemListElement\":[{\"@type\":\"ListItem\",\"position\":1,\"name\":\"Start\",\"item\":\"https:\\\/\\\/slep.ch\\\/\"},{\"@type\":\"ListItem\",\"position\":2,\"name\":\"Politik mit Musik\"}]},{\"@type\":\"WebSite\",\"@id\":\"https:\\\/\\\/slep.ch\\\/#website\",\"url\":\"https:\\\/\\\/slep.ch\\\/\",\"name\":\"SLEP\",\"description\":\"\",\"potentialAction\":[{\"@type\":\"SearchAction\",\"target\":{\"@type\":\"EntryPoint\",\"urlTemplate\":\"https:\\\/\\\/slep.ch\\\/?s={search_term_string}\"},\"query-input\":{\"@type\":\"PropertyValueSpecification\",\"valueRequired\":true,\"valueName\":\"search_term_string\"}}],\"inLanguage\":\"de\"}]}<\/script>\n<!-- \/ Yoast SEO plugin. -->","yoast_head_json":{"title":"Politik mit Musik - SLEP","robots":{"index":"index","follow":"follow","max-snippet":"max-snippet:-1","max-image-preview":"max-image-preview:large","max-video-preview":"max-video-preview:-1"},"canonical":"https:\/\/slep.ch\/?page_id=36","og_locale":"de_DE","og_type":"article","og_title":"Politik mit Musik - SLEP","og_description":"Als Leidenschaftlicher Musiker, teile ich hier gerne einige meiner Favoriten &#8211; zum Nachdenken.","og_url":"https:\/\/slep.ch\/?page_id=36","og_site_name":"SLEP","article_modified_time":"2025-12-12T18:36:00+00:00","og_image":[{"width":401,"height":600,"url":"https:\/\/slep.ch\/wp-content\/uploads\/2025\/12\/image-1.jpeg","type":"image\/jpeg"}],"twitter_card":"summary_large_image","twitter_misc":{"Gesch\u00e4tzte Lesezeit":"4\u00a0Minuten"},"schema":{"@context":"https:\/\/schema.org","@graph":[{"@type":"WebPage","@id":"https:\/\/slep.ch\/?page_id=36","url":"https:\/\/slep.ch\/?page_id=36","name":"Politik mit Musik - SLEP","isPartOf":{"@id":"https:\/\/slep.ch\/#website"},"primaryImageOfPage":{"@id":"https:\/\/slep.ch\/?page_id=36#primaryimage"},"image":{"@id":"https:\/\/slep.ch\/?page_id=36#primaryimage"},"thumbnailUrl":"https:\/\/slep.ch\/wp-content\/uploads\/2025\/12\/image-1.jpeg","datePublished":"2025-12-12T17:26:17+00:00","dateModified":"2025-12-12T18:36:00+00:00","breadcrumb":{"@id":"https:\/\/slep.ch\/?page_id=36#breadcrumb"},"inLanguage":"de","potentialAction":[{"@type":"ReadAction","target":["https:\/\/slep.ch\/?page_id=36"]}]},{"@type":"ImageObject","inLanguage":"de","@id":"https:\/\/slep.ch\/?page_id=36#primaryimage","url":"https:\/\/slep.ch\/wp-content\/uploads\/2025\/12\/image-1.jpeg","contentUrl":"https:\/\/slep.ch\/wp-content\/uploads\/2025\/12\/image-1.jpeg","width":401,"height":600},{"@type":"BreadcrumbList","@id":"https:\/\/slep.ch\/?page_id=36#breadcrumb","itemListElement":[{"@type":"ListItem","position":1,"name":"Start","item":"https:\/\/slep.ch\/"},{"@type":"ListItem","position":2,"name":"Politik mit Musik"}]},{"@type":"WebSite","@id":"https:\/\/slep.ch\/#website","url":"https:\/\/slep.ch\/","name":"SLEP","description":"","potentialAction":[{"@type":"SearchAction","target":{"@type":"EntryPoint","urlTemplate":"https:\/\/slep.ch\/?s={search_term_string}"},"query-input":{"@type":"PropertyValueSpecification","valueRequired":true,"valueName":"search_term_string"}}],"inLanguage":"de"}]}},"_links":{"self":[{"href":"https:\/\/slep.ch\/index.php?rest_route=\/wp\/v2\/pages\/36","targetHints":{"allow":["GET"]}}],"collection":[{"href":"https:\/\/slep.ch\/index.php?rest_route=\/wp\/v2\/pages"}],"about":[{"href":"https:\/\/slep.ch\/index.php?rest_route=\/wp\/v2\/types\/page"}],"author":[{"embeddable":true,"href":"https:\/\/slep.ch\/index.php?rest_route=\/wp\/v2\/users\/1"}],"replies":[{"embeddable":true,"href":"https:\/\/slep.ch\/index.php?rest_route=%2Fwp%2Fv2%2Fcomments&post=36"}],"version-history":[{"count":3,"href":"https:\/\/slep.ch\/index.php?rest_route=\/wp\/v2\/pages\/36\/revisions"}],"predecessor-version":[{"id":57,"href":"https:\/\/slep.ch\/index.php?rest_route=\/wp\/v2\/pages\/36\/revisions\/57"}],"wp:attachment":[{"href":"https:\/\/slep.ch\/index.php?rest_route=%2Fwp%2Fv2%2Fmedia&parent=36"}],"curies":[{"name":"wp","href":"https:\/\/api.w.org\/{rel}","templated":true}]}}